{"id":5206,"date":"2014-08-06T08:40:48","date_gmt":"2014-08-06T08:40:48","guid":{"rendered":"http:\/\/demo.wpzoom.com\/inspiro\/?page_id=5206"},"modified":"2024-01-16T13:33:54","modified_gmt":"2024-01-16T13:33:54","slug":"portfolio","status":"publish","type":"page","link":"https:\/\/coachingbyjessica.de\/?page_id=5206","title":{"rendered":"Mein Ehrenamt"},"content":{"rendered":"\t\t<div data-elementor-type=\"wp-page\" data-elementor-id=\"5206\" class=\"elementor elementor-5206\">\n\t\t\t\t\t\t\t<div class=\"elementor-element elementor-element-e06ce9d e-flex e-con-boxed e-con e-parent\" data-id=\"e06ce9d\" data-element_type=\"container\" data-settings=\"{&quot;content_width&quot;:&quot;boxed&quot;}\" data-core-v316-plus=\"true\">\n\t\t\t\t\t<div class=\"e-con-inner\">\n\t\t\t\t<div class=\"elementor-element elementor-element-7120ee4 elementor-widget elementor-widget-heading\" data-id=\"7120ee4\" data-element_type=\"widget\" data-widget_type=\"heading.default\">\n\t\t\t\t<div class=\"elementor-widget-container\">\n\t\t\t<style>\/*! elementor - v3.17.0 - 25-10-2023 *\/\n.elementor-heading-title{padding:0;margin:0;line-height:1}.elementor-widget-heading .elementor-heading-title[class*=elementor-size-]>a{color:inherit;font-size:inherit;line-height:inherit}.elementor-widget-heading .elementor-heading-title.elementor-size-small{font-size:15px}.elementor-widget-heading .elementor-heading-title.elementor-size-medium{font-size:19px}.elementor-widget-heading .elementor-heading-title.elementor-size-large{font-size:29px}.elementor-widget-heading .elementor-heading-title.elementor-size-xl{font-size:39px}.elementor-widget-heading .elementor-heading-title.elementor-size-xxl{font-size:59px}<\/style><h2 class=\"elementor-heading-title elementor-size-default\">Mein Ehrenamt; die Selbsthilfegruppe f\u00fcr \nRegretting Motherhood - wenn M\u00fctter bereuen<\/h2>\t\t<\/div>\n\t\t\t\t<\/div>\n\t\t\t\t\t<\/div>\n\t\t\t\t<\/div>\n\t\t<div class=\"elementor-element elementor-element-11751c5 e-flex e-con-boxed e-con e-parent\" data-id=\"11751c5\" data-element_type=\"container\" data-settings=\"{&quot;content_width&quot;:&quot;boxed&quot;}\" data-core-v316-plus=\"true\">\n\t\t\t\t\t<div class=\"e-con-inner\">\n\t\t\t\t<div class=\"elementor-element elementor-element-7f7a6a4 elementor-widget elementor-widget-text-editor\" data-id=\"7f7a6a4\" data-element_type=\"widget\" data-widget_type=\"text-editor.default\">\n\t\t\t\t<div class=\"elementor-widget-container\">\n\t\t\t<style>\/*! elementor - v3.17.0 - 25-10-2023 *\/\n.elementor-widget-text-editor.elementor-drop-cap-view-stacked .elementor-drop-cap{background-color:#69727d;color:#fff}.elementor-widget-text-editor.elementor-drop-cap-view-framed .elementor-drop-cap{color:#69727d;border:3px solid;background-color:transparent}.elementor-widget-text-editor:not(.elementor-drop-cap-view-default) .elementor-drop-cap{margin-top:8px}.elementor-widget-text-editor:not(.elementor-drop-cap-view-default) .elementor-drop-cap-letter{width:1em;height:1em}.elementor-widget-text-editor .elementor-drop-cap{float:left;text-align:center;line-height:1;font-size:50px}.elementor-widget-text-editor .elementor-drop-cap-letter{display:inline-block}<\/style>\t\t\t\t<p>Es gibt so viele Lebenssituationen, in denen wir agieren oder die wir aushalten m\u00fcssen und bei denen wir manchmal den Wunsch versp\u00fcren, die Dinge nochmal anders zu machen.<\/p><p>Jedoch M\u00fctter d\u00fcrfen das nicht?<\/p><p>Wenn Sie heute mit Ihrem Wissen und Erfahrungen die Zeit zur\u00fcckdrehen k\u00f6nnten, w\u00fcrden Sie dann noch einmal Mutter werden Kinder haben wollen?<\/p><p>Mit diesen Fragen m\u00f6chte ich mit M\u00fcttern, die sich \u00e4hnliche Fragen stellen, ins Gespr\u00e4ch und in einen offenen den Austausch kommen.<\/p><p>Bitte melden Sie sich zu diesen kostenlosen Treffen \u00fcber folgende E-Mail an.<\/p><p><strong>E-Mail:<\/strong><br \/>r.m.-selbsthilfe@outlook.de<\/p><p><strong>Treffpunkt:<\/strong><br \/>42281 Wuppertal<\/p><p><strong>Wochentag<\/strong> und Rhythmus:<br \/>jeden dritten Mittwoch im Monat<\/p><p><strong>Uhrzeit<\/strong> der Treffen:<br \/>18.30 &#8211; 20.00 Uhr<\/p><p>Wenn Sie lieber ein Life Coaching zu diesem Thema haben m\u00f6chten, k\u00f6nnen Sie jederzeit ein Termin mit mir vereinbaren.<br \/>Alle Kontaktm\u00f6glichkeiten k\u00f6nnen Sie dieser Homepage entnehmen.<\/p>\t\t\t\t\t\t<\/div>\n\t\t\t\t<\/div>\n\t\t\t\t\t<\/div>\n\t\t\t\t<\/div>\n\t\t<div class=\"elementor-element elementor-element-0ec41cf e-flex e-con-boxed e-con e-parent\" data-id=\"0ec41cf\" data-element_type=\"container\" data-settings=\"{&quot;content_width&quot;:&quot;boxed&quot;}\" data-core-v316-plus=\"true\">\n\t\t\t\t\t<div class=\"e-con-inner\">\n\t\t\t\t<div class=\"elementor-element elementor-element-866aae5 elementor-widget elementor-widget-image\" data-id=\"866aae5\" data-element_type=\"widget\" data-widget_type=\"image.default\">\n\t\t\t\t<div class=\"elementor-widget-container\">\n\t\t\t<style>\/*! elementor - v3.17.0 - 25-10-2023 *\/\n.elementor-widget-image{text-align:center}.elementor-widget-image a{display:inline-block}.elementor-widget-image a img[src$=\".svg\"]{width:48px}.elementor-widget-image img{vertical-align:middle;display:inline-block}<\/style>\t\t\t\t\t\t\t\t\t\t\t\t<img fetchpriority=\"high\" decoding=\"async\" width=\"768\" height=\"1049\" src=\"https:\/\/coachingbyjessica.de\/wp-content\/uploads\/2023\/11\/processed-80732EA8-BBA6-4159-BF21-853BBA4BB971-405B03F6-E9B7-42D3-9A16-6D70DB42B043-768x1049.jpeg\" class=\"attachment-medium_large size-medium_large wp-image-6817\" alt=\"\" srcset=\"https:\/\/coachingbyjessica.de\/wp-content\/uploads\/2023\/11\/processed-80732EA8-BBA6-4159-BF21-853BBA4BB971-405B03F6-E9B7-42D3-9A16-6D70DB42B043-768x1049.jpeg 768w, https:\/\/coachingbyjessica.de\/wp-content\/uploads\/2023\/11\/processed-80732EA8-BBA6-4159-BF21-853BBA4BB971-405B03F6-E9B7-42D3-9A16-6D70DB42B043-220x300.jpeg 220w, https:\/\/coachingbyjessica.de\/wp-content\/uploads\/2023\/11\/processed-80732EA8-BBA6-4159-BF21-853BBA4BB971-405B03F6-E9B7-42D3-9A16-6D70DB42B043-750x1024.jpeg 750w, https:\/\/coachingbyjessica.de\/wp-content\/uploads\/2023\/11\/processed-80732EA8-BBA6-4159-BF21-853BBA4BB971-405B03F6-E9B7-42D3-9A16-6D70DB42B043-1124x1536.jpeg 1124w, https:\/\/coachingbyjessica.de\/wp-content\/uploads\/2023\/11\/processed-80732EA8-BBA6-4159-BF21-853BBA4BB971-405B03F6-E9B7-42D3-9A16-6D70DB42B043-600x820.jpeg 600w, https:\/\/coachingbyjessica.de\/wp-content\/uploads\/2023\/11\/processed-80732EA8-BBA6-4159-BF21-853BBA4BB971-405B03F6-E9B7-42D3-9A16-6D70DB42B043-1200x1639.jpeg 1200w, https:\/\/coachingbyjessica.de\/wp-content\/uploads\/2023\/11\/processed-80732EA8-BBA6-4159-BF21-853BBA4BB971-405B03F6-E9B7-42D3-9A16-6D70DB42B043.jpeg 1464w\" sizes=\"100vw\" \/>\t\t\t\t\t\t\t\t\t\t\t\t\t\t\t<\/div>\n\t\t\t\t<\/div>\n\t\t\t\t\t<\/div>\n\t\t\t\t<\/div>\n\t\t<div class=\"elementor-element elementor-element-801902a e-flex e-con-boxed e-con e-parent\" data-id=\"801902a\" data-element_type=\"container\" data-settings=\"{&quot;content_width&quot;:&quot;boxed&quot;}\" data-core-v316-plus=\"true\">\n\t\t\t\t\t<div class=\"e-con-inner\">\n\t\t\t\t<div class=\"elementor-element elementor-element-f0f23c4 elementor-widget elementor-widget-image\" data-id=\"f0f23c4\" data-element_type=\"widget\" data-widget_type=\"image.default\">\n\t\t\t\t<div class=\"elementor-widget-container\">\n\t\t\t\t\t\t\t\t\t\t\t\t\t\t\t<img decoding=\"async\" width=\"768\" height=\"1346\" src=\"https:\/\/coachingbyjessica.de\/wp-content\/uploads\/2023\/11\/processed-AC41F37D-E748-4E00-BF43-4A36C4B72322-77638D03-0DA3-40C0-8024-F82500B9D20D-768x1346.jpeg\" class=\"attachment-medium_large size-medium_large wp-image-6818\" alt=\"\" srcset=\"https:\/\/coachingbyjessica.de\/wp-content\/uploads\/2023\/11\/processed-AC41F37D-E748-4E00-BF43-4A36C4B72322-77638D03-0DA3-40C0-8024-F82500B9D20D-768x1346.jpeg 768w, https:\/\/coachingbyjessica.de\/wp-content\/uploads\/2023\/11\/processed-AC41F37D-E748-4E00-BF43-4A36C4B72322-77638D03-0DA3-40C0-8024-F82500B9D20D-171x300.jpeg 171w, https:\/\/coachingbyjessica.de\/wp-content\/uploads\/2023\/11\/processed-AC41F37D-E748-4E00-BF43-4A36C4B72322-77638D03-0DA3-40C0-8024-F82500B9D20D-584x1024.jpeg 584w, https:\/\/coachingbyjessica.de\/wp-content\/uploads\/2023\/11\/processed-AC41F37D-E748-4E00-BF43-4A36C4B72322-77638D03-0DA3-40C0-8024-F82500B9D20D-876x1536.jpeg 876w, https:\/\/coachingbyjessica.de\/wp-content\/uploads\/2023\/11\/processed-AC41F37D-E748-4E00-BF43-4A36C4B72322-77638D03-0DA3-40C0-8024-F82500B9D20D-600x1052.jpeg 600w, https:\/\/coachingbyjessica.de\/wp-content\/uploads\/2023\/11\/processed-AC41F37D-E748-4E00-BF43-4A36C4B72322-77638D03-0DA3-40C0-8024-F82500B9D20D.jpeg 1141w\" sizes=\"100vw\" \/>\t\t\t\t\t\t\t\t\t\t\t\t\t\t\t<\/div>\n\t\t\t\t<\/div>\n\t\t\t\t\t<\/div>\n\t\t\t\t<\/div>\n\t\t\t\t\t\t\t<\/div>\n\t\t","protected":false},"excerpt":{"rendered":"<p>Mein Ehrenamt; die Selbsthilfegruppe f\u00fcr Regretting Motherhood &#8211; wenn M\u00fctter bereuen Es gibt so viele Lebenssituationen, in denen wir agieren oder die wir aushalten m\u00fcssen und bei denen wir manchmal den Wunsch versp\u00fcren, die Dinge nochmal anders zu machen. Jedoch M\u00fctter d\u00fcrfen das nicht? Wenn Sie heute mit Ihrem Wissen und Erfahrungen die Zeit zur\u00fcckdrehen &hellip; <\/p>\n<p class=\"link-more\"><a href=\"https:\/\/coachingbyjessica.de\/?page_id=5206\" class=\"more-link\">Mehr <span class=\"screen-reader-text\">\u00fcber &#8222;Mein Ehrenamt&#8220; <\/span>Lesen<\/a><\/p>\n","protected":false},"author":1,"featured_media":6718,"parent":0,"menu_order":0,"comment_status":"open","ping_status":"open","template":"page-templates\/full-width-builder-bb.php","meta":{"footnotes":""},"yoast_head":"<!-- This site is optimized with the Yoast SEO plugin v21.8 - https:\/\/yoast.com\/wordpress\/plugins\/seo\/ -->\n<title>Mein Ehrenamt - Homepage<\/title>\n<meta name=\"description\" content=\"Mein Ehrenamt; die Selbsthilfegruppe f\u00fcr Regretting Motherhood - wenn M\u00fctter bereuen. Schauen Sie mal auf meine Seite vorbei.\" \/>\n<meta name=\"robots\" content=\"index, follow, max-snippet:-1, max-image-preview:large, max-video-preview:-1\" \/>\n<link rel=\"canonical\" href=\"https:\/\/coachingbyjessica.de\/?page_id=5206\" \/>\n<meta property=\"og:locale\" content=\"de_DE\" \/>\n<meta property=\"og:type\" content=\"article\" \/>\n<meta property=\"og:title\" content=\"Mein Ehrenamt - Homepage\" \/>\n<meta property=\"og:description\" content=\"Mein Ehrenamt; die Selbsthilfegruppe f\u00fcr Regretting Motherhood - wenn M\u00fctter bereuen. Schauen Sie mal auf meine Seite vorbei.\" \/>\n<meta property=\"og:url\" content=\"https:\/\/coachingbyjessica.de\/?page_id=5206\" \/>\n<meta property=\"og:site_name\" content=\"Homepage\" \/>\n<meta property=\"article:modified_time\" content=\"2024-01-16T13:33:54+00:00\" \/>\n<meta property=\"og:image\" content=\"https:\/\/coachingbyjessica.de\/wp-content\/uploads\/2023\/10\/cropped-mama-5098862_1920-1.jpg\" \/>\n\t<meta property=\"og:image:width\" content=\"2000\" \/>\n\t<meta property=\"og:image:height\" content=\"1199\" \/>\n\t<meta property=\"og:image:type\" content=\"image\/jpeg\" \/>\n<meta name=\"twitter:card\" content=\"summary_large_image\" \/>\n<meta name=\"twitter:label1\" content=\"Gesch\u00e4tzte Lesezeit\" \/>\n\t<meta name=\"twitter:data1\" content=\"2 Minuten\" \/>\n<script type=\"application\/ld+json\" class=\"yoast-schema-graph\">{\"@context\":\"https:\/\/schema.org\",\"@graph\":[{\"@type\":\"WebPage\",\"@id\":\"https:\/\/coachingbyjessica.de\/?page_id=5206\",\"url\":\"https:\/\/coachingbyjessica.de\/?page_id=5206\",\"name\":\"Mein Ehrenamt - Homepage\",\"isPartOf\":{\"@id\":\"https:\/\/coachingbyjessica.de\/#website\"},\"datePublished\":\"2014-08-06T08:40:48+00:00\",\"dateModified\":\"2024-01-16T13:33:54+00:00\",\"description\":\"Mein Ehrenamt; die Selbsthilfegruppe f\u00fcr Regretting Motherhood - wenn M\u00fctter bereuen. Schauen Sie mal auf meine Seite vorbei.\",\"breadcrumb\":{\"@id\":\"https:\/\/coachingbyjessica.de\/?page_id=5206#breadcrumb\"},\"inLanguage\":\"de-DE\",\"potentialAction\":[{\"@type\":\"ReadAction\",\"target\":[\"https:\/\/coachingbyjessica.de\/?page_id=5206\"]}]},{\"@type\":\"BreadcrumbList\",\"@id\":\"https:\/\/coachingbyjessica.de\/?page_id=5206#breadcrumb\",\"itemListElement\":[{\"@type\":\"ListItem\",\"position\":1,\"name\":\"Startseite\",\"item\":\"https:\/\/coachingbyjessica.de\/\"},{\"@type\":\"ListItem\",\"position\":2,\"name\":\"Mein Ehrenamt\"}]},{\"@type\":\"WebSite\",\"@id\":\"https:\/\/coachingbyjessica.de\/#website\",\"url\":\"https:\/\/coachingbyjessica.de\/\",\"name\":\"Homepage\",\"description\":\"Eine andere WordPress-Site.\",\"potentialAction\":[{\"@type\":\"SearchAction\",\"target\":{\"@type\":\"EntryPoint\",\"urlTemplate\":\"https:\/\/coachingbyjessica.de\/?s={search_term_string}\"},\"query-input\":\"required name=search_term_string\"}],\"inLanguage\":\"de-DE\"}]}<\/script>\n<!-- \/ Yoast SEO plugin. -->","yoast_head_json":{"title":"Mein Ehrenamt - Homepage","description":"Mein Ehrenamt; die Selbsthilfegruppe f\u00fcr Regretting Motherhood - wenn M\u00fctter bereuen. Schauen Sie mal auf meine Seite vorbei.","robots":{"index":"index","follow":"follow","max-snippet":"max-snippet:-1","max-image-preview":"max-image-preview:large","max-video-preview":"max-video-preview:-1"},"canonical":"https:\/\/coachingbyjessica.de\/?page_id=5206","og_locale":"de_DE","og_type":"article","og_title":"Mein Ehrenamt - Homepage","og_description":"Mein Ehrenamt; die Selbsthilfegruppe f\u00fcr Regretting Motherhood - wenn M\u00fctter bereuen. Schauen Sie mal auf meine Seite vorbei.","og_url":"https:\/\/coachingbyjessica.de\/?page_id=5206","og_site_name":"Homepage","article_modified_time":"2024-01-16T13:33:54+00:00","og_image":[{"width":2000,"height":1199,"url":"https:\/\/coachingbyjessica.de\/wp-content\/uploads\/2023\/10\/cropped-mama-5098862_1920-1.jpg","type":"image\/jpeg"}],"twitter_card":"summary_large_image","twitter_misc":{"Gesch\u00e4tzte Lesezeit":"2 Minuten"},"schema":{"@context":"https:\/\/schema.org","@graph":[{"@type":"WebPage","@id":"https:\/\/coachingbyjessica.de\/?page_id=5206","url":"https:\/\/coachingbyjessica.de\/?page_id=5206","name":"Mein Ehrenamt - Homepage","isPartOf":{"@id":"https:\/\/coachingbyjessica.de\/#website"},"datePublished":"2014-08-06T08:40:48+00:00","dateModified":"2024-01-16T13:33:54+00:00","description":"Mein Ehrenamt; die Selbsthilfegruppe f\u00fcr Regretting Motherhood - wenn M\u00fctter bereuen. Schauen Sie mal auf meine Seite vorbei.","breadcrumb":{"@id":"https:\/\/coachingbyjessica.de\/?page_id=5206#breadcrumb"},"inLanguage":"de-DE","potentialAction":[{"@type":"ReadAction","target":["https:\/\/coachingbyjessica.de\/?page_id=5206"]}]},{"@type":"BreadcrumbList","@id":"https:\/\/coachingbyjessica.de\/?page_id=5206#breadcrumb","itemListElement":[{"@type":"ListItem","position":1,"name":"Startseite","item":"https:\/\/coachingbyjessica.de\/"},{"@type":"ListItem","position":2,"name":"Mein Ehrenamt"}]},{"@type":"WebSite","@id":"https:\/\/coachingbyjessica.de\/#website","url":"https:\/\/coachingbyjessica.de\/","name":"Homepage","description":"Eine andere WordPress-Site.","potentialAction":[{"@type":"SearchAction","target":{"@type":"EntryPoint","urlTemplate":"https:\/\/coachingbyjessica.de\/?s={search_term_string}"},"query-input":"required name=search_term_string"}],"inLanguage":"de-DE"}]}},"featured_media_urls":{"thumbnail":["https:\/\/coachingbyjessica.de\/wp-content\/uploads\/2023\/10\/cropped-mama-5098862_1920-1-150x150.jpg",150,150,true],"medium":["https:\/\/coachingbyjessica.de\/wp-content\/uploads\/2023\/10\/cropped-mama-5098862_1920-1-300x180.jpg",300,180,true],"medium_large":["https:\/\/coachingbyjessica.de\/wp-content\/uploads\/2023\/10\/cropped-mama-5098862_1920-1-768x460.jpg",768,460,true],"large":["https:\/\/coachingbyjessica.de\/wp-content\/uploads\/2023\/10\/cropped-mama-5098862_1920-1-1024x614.jpg",950,570,true],"1536x1536":["https:\/\/coachingbyjessica.de\/wp-content\/uploads\/2023\/10\/cropped-mama-5098862_1920-1-1536x921.jpg",1536,921,true],"2048x2048":["https:\/\/coachingbyjessica.de\/wp-content\/uploads\/2023\/10\/cropped-mama-5098862_1920-1.jpg",2000,1199,false],"inspiro-featured-image":["https:\/\/coachingbyjessica.de\/wp-content\/uploads\/2023\/10\/cropped-mama-5098862_1920-1.jpg",2000,1199,false],"inspiro-loop":["https:\/\/coachingbyjessica.de\/wp-content\/uploads\/2023\/10\/cropped-mama-5098862_1920-1-950x320.jpg",950,320,true],"inspiro-loop@2x":["https:\/\/coachingbyjessica.de\/wp-content\/uploads\/2023\/10\/cropped-mama-5098862_1920-1-1900x640.jpg",1900,640,true],"portfolio_item-thumbnail":["https:\/\/coachingbyjessica.de\/wp-content\/uploads\/2023\/10\/cropped-mama-5098862_1920-1-600x400.jpg",600,400,true],"portfolio_item-thumbnail@2x":["https:\/\/coachingbyjessica.de\/wp-content\/uploads\/2023\/10\/cropped-mama-5098862_1920-1-1200x800.jpg",1200,800,true],"portfolio_item-masonry":["https:\/\/coachingbyjessica.de\/wp-content\/uploads\/2023\/10\/cropped-mama-5098862_1920-1-600x360.jpg",600,360,true],"portfolio_item-masonry@2x":["https:\/\/coachingbyjessica.de\/wp-content\/uploads\/2023\/10\/cropped-mama-5098862_1920-1-1200x719.jpg",1200,719,true],"portfolio_item-thumbnail_cinema":["https:\/\/coachingbyjessica.de\/wp-content\/uploads\/2023\/10\/cropped-mama-5098862_1920-1-800x335.jpg",800,335,true],"portfolio_item-thumbnail_portrait":["https:\/\/coachingbyjessica.de\/wp-content\/uploads\/2023\/10\/cropped-mama-5098862_1920-1-600x900.jpg",600,900,true],"portfolio_item-thumbnail_portrait@2x":["https:\/\/coachingbyjessica.de\/wp-content\/uploads\/2023\/10\/cropped-mama-5098862_1920-1-1200x1199.jpg",1200,1199,true],"portfolio_item-thumbnail_square":["https:\/\/coachingbyjessica.de\/wp-content\/uploads\/2023\/10\/cropped-mama-5098862_1920-1-800x800.jpg",800,800,true]},"_links":{"self":[{"href":"https:\/\/coachingbyjessica.de\/index.php?rest_route=\/wp\/v2\/pages\/5206"}],"collection":[{"href":"https:\/\/coachingbyjessica.de\/index.php?rest_route=\/wp\/v2\/pages"}],"about":[{"href":"https:\/\/coachingbyjessica.de\/index.php?rest_route=\/wp\/v2\/types\/page"}],"author":[{"embeddable":true,"href":"https:\/\/coachingbyjessica.de\/index.php?rest_route=\/wp\/v2\/users\/1"}],"replies":[{"embeddable":true,"href":"https:\/\/coachingbyjessica.de\/index.php?rest_route=%2Fwp%2Fv2%2Fcomments&post=5206"}],"version-history":[{"count":24,"href":"https:\/\/coachingbyjessica.de\/index.php?rest_route=\/wp\/v2\/pages\/5206\/revisions"}],"predecessor-version":[{"id":6978,"href":"https:\/\/coachingbyjessica.de\/index.php?rest_route=\/wp\/v2\/pages\/5206\/revisions\/6978"}],"wp:featuredmedia":[{"embeddable":true,"href":"https:\/\/coachingbyjessica.de\/index.php?rest_route=\/wp\/v2\/media\/6718"}],"wp:attachment":[{"href":"https:\/\/coachingbyjessica.de\/index.php?rest_route=%2Fwp%2Fv2%2Fmedia&parent=5206"}],"curies":[{"name":"wp","href":"https:\/\/api.w.org\/{rel}","templated":true}]}}